{"id":15725,"date":"2023-03-29T13:24:55","date_gmt":"2023-03-29T11:24:55","guid":{"rendered":"https:\/\/kambja.info\/vorm\/?page_id=15725"},"modified":"2023-08-16T15:36:17","modified_gmt":"2023-08-16T12:36:17","slug":"kaunid-kodud-2024","status":"publish","type":"page","link":"https:\/\/kambja.info\/vorm\/kaunid-kodud-2024\/","title":{"rendered":"Kaunid kodud 2024"},"content":{"rendered":"<div class=\"wpforms-container wpforms-container-full wpforms-block wpforms-block-942549cd-2b47-4077-9ea1-e90e138ebe86 wpforms-render-modern\" id=\"wpforms-15711\"><form id=\"wpforms-form-15711\" class=\"wpforms-validate wpforms-form wpforms-ajax-form\" data-formid=\"15711\" method=\"post\" enctype=\"multipart\/form-data\" action=\"\/vorm\/wp-json\/wp\/v2\/pages\/15725?wpforms_form_id=15711\" data-token=\"c75b1cd4e99fabe00df182e4b2d49d05\" data-token-time=\"1777694131\"><noscript class=\"wpforms-error-noscript\">Please enable JavaScript in your browser to complete this form.<\/noscript><div class=\"wpforms-hidden\" id=\"wpforms-error-noscript\">Please enable JavaScript in your browser to complete this form.<\/div><div class=\"wpforms-field-container\"><div id=\"wpforms-15711-field_12-container\" class=\"wpforms-field wpforms-field-content\" data-field-id=\"12\"><div id=\"wpforms-15711-field_12\" class=\"wpforms-field-large wpforms-field-row\" aria-errormessage=\"wpforms-15711-field_12-error\"><h4>Kogume kauneid kodusid ja paiku<\/h4>\n<p>Kambja vallavalitsus kutsub k\u00f5iki elanikke m\u00e4rkama Kambja vallas asuvat kaunist kodu\u00fcmbrust ja esitama ettepanekuid Tartumaa kauni kodu 2024. aasta konkursile.<\/p>\n<p>Esitada v\u00f5ib eramuid, v\u00e4ikeseid \u00fchismaju, maakodusid, suvilaid, hotelle, turismitalusid, kooli- ja seltsimaju, kirikuid jt kultushooneid, kaldaid, j\u00e4rvi, tiike, kalmistuid, parkmetsi, samuti tootmishooneid- ja talusid, p\u00f5llumajanduskeskuseid, aitkuivateid, t\u00f6\u00f6kodasid ning kergliiklusteid, terviseradasid, spordikeskuseid jne.<\/p>\n<div class=\"wpforms-field-content-display-frontend-clear\"><\/div><\/div><\/div><div id=\"wpforms-15711-field_4-container\" class=\"wpforms-field wpforms-field-text\" data-field-id=\"4\"><label class=\"wpforms-field-label\" for=\"wpforms-15711-field_4\">Esitaja ees- ja perenimi <span class=\"wpforms-required-label\" aria-hidden=\"true\">*<\/span><\/label><input type=\"text\" id=\"wpforms-15711-field_4\" class=\"wpforms-field-medium wpforms-field-required\" name=\"wpforms[fields][4]\" aria-errormessage=\"wpforms-15711-field_4-error\" required><\/div><div id=\"wpforms-15711-field_5-container\" class=\"wpforms-field wpforms-field-email\" data-field-id=\"5\"><label class=\"wpforms-field-label\" for=\"wpforms-15711-field_5\">E-posti aadress <span class=\"wpforms-required-label\" aria-hidden=\"true\">*<\/span><\/label><input type=\"email\" id=\"wpforms-15711-field_5\" class=\"wpforms-field-medium wpforms-field-required\" name=\"wpforms[fields][5]\" spellcheck=\"false\" aria-errormessage=\"wpforms-15711-field_5-error\" required><\/div><div id=\"wpforms-15711-field_6-container\" class=\"wpforms-field wpforms-field-phone\" data-field-id=\"6\"><label class=\"wpforms-field-label\" for=\"wpforms-15711-field_6\">Telefon<\/label><input type=\"tel\" id=\"wpforms-15711-field_6\" class=\"wpforms-field-medium wpforms-smart-phone-field\" data-rule-smart-phone-field=\"true\" name=\"wpforms[fields][6]\" aria-label=\"Telefon\" aria-errormessage=\"wpforms-15711-field_6-error\" ><\/div><div id=\"wpforms-15711-field_8-container\" class=\"wpforms-field wpforms-field-textarea\" data-field-id=\"8\"><label class=\"wpforms-field-label\" for=\"wpforms-15711-field_8\">Esitatava objekti aadress v\u00f5i asukoht <span class=\"wpforms-required-label\" aria-hidden=\"true\">*<\/span><\/label><textarea id=\"wpforms-15711-field_8\" class=\"wpforms-field-medium wpforms-field-required\" name=\"wpforms[fields][8]\" aria-errormessage=\"wpforms-15711-field_8-error\" aria-describedby=\"wpforms-15711-field_8-description\" required><\/textarea><div id=\"wpforms-15711-field_8-description\" class=\"wpforms-field-description\">Lisage t\u00e4pne aadress (t\u00e4nava\/tee nimi, hoone nr v\u00f5i kinnistu nimi) ja asula nimi. Aadressi puudumisel muu asukoha kirjeldus (v\u00f5ib liasada ka koordinaadid).<\/div><\/div><div id=\"wpforms-15711-field_9-container\" class=\"wpforms-field wpforms-field-textarea\" data-field-id=\"9\"><label class=\"wpforms-field-label\" for=\"wpforms-15711-field_9\">Kirjeldus<\/label><textarea id=\"wpforms-15711-field_9\" class=\"wpforms-field-medium\" name=\"wpforms[fields][9]\" aria-errormessage=\"wpforms-15711-field_9-error\" aria-describedby=\"wpforms-15711-field_9-description\" ><\/textarea><div id=\"wpforms-15711-field_9-description\" class=\"wpforms-field-description\">Kirjeldage objekti. Mille poolest on objekt esilet\u00f5stmist v\u00e4\u00e4rt?<\/div><\/div><div id=\"wpforms-15711-field_11-container\" class=\"wpforms-field wpforms-field-file-upload\" data-field-id=\"11\"><label class=\"wpforms-field-label\" for=\"wpforms-15711-field_11\">Lisa fotosid<\/label><div\n\t\tclass=\"wpforms-uploader\"\n\t\tdata-field-id=\"11\"\n\t\tdata-form-id=\"15711\"\n\t\tdata-input-name=\"wpforms_15711_11\"\n\t\tdata-extensions=\"jpg,jpg,jpeg,jpeg,png,psd\"\n\t\tdata-max-size=\"2146435072\"\n\t\tdata-max-file-number=\"7\"\n\t\tdata-post-max-size=\"2146435072\"\n\t\tdata-max-parallel-uploads=\"4\"\n\t\tdata-parallel-uploads=\"true\"\n\t\tdata-file-chunk-size=\"2097152\">\n\t<div class=\"dz-message\">\n\t\t<svg viewBox=\"0 0 1024 1024\" focusable=\"false\" data-icon=\"inbox\" width=\"50px\" height=\"50px\" fill=\"currentColor\" aria-hidden=\"true\">\n\t\t\t<path d=\"M885.2 446.3l-.2-.8-112.2-285.1c-5-16.1-19.9-27.2-36.8-27.2H281.2c-17 0-32.1 11.3-36.9 27.6L139.4 443l-.3.7-.2.8c-1.3 4.9-1.7 9.9-1 14.8-.1 1.6-.2 3.2-.2 4.8V830a60.9 60.9 0 0 0 60.8 60.8h627.2c33.5 0 60.8-27.3 60.9-60.8V464.1c0-1.3 0-2.6-.1-3.7.4-4.9 0-9.6-1.3-14.1zm-295.8-43l-.3 15.7c-.8 44.9-31.8 75.1-77.1 75.1-22.1 0-41.1-7.1-54.8-20.6S436 441.2 435.6 419l-.3-15.7H229.5L309 210h399.2l81.7 193.3H589.4zm-375 76.8h157.3c24.3 57.1 76 90.8 140.4 90.8 33.7 0 65-9.4 90.3-27.2 22.2-15.6 39.5-37.4 50.7-63.6h156.5V814H214.4V480.1z\"><\/path>\n\t\t<\/svg>\n\t\t<span class=\"modern-title\">\u00dcleslaadimiseks kl\u00f5psake v\u00f5i lohistage failid sellele alale.<\/span>\n\n\t\t\t\t\t<span class=\"modern-hint\">You can upload up to 7 files.<\/span>\n\t\t\t<\/div>\n<\/div>\n<input\n\t\ttype=\"text\"\n\t\tautocomplete=\"off\"\n\t\treadonly\n\t\tclass=\"dropzone-input\"\n\t\tstyle=\"position:absolute!important;clip:rect(0,0,0,0)!important;height:1px!important;width:1px!important;border:0!important;overflow:hidden!important;padding:0!important;margin:0!important;\"\n\t\tid=\"wpforms-15711-field_11\"\n\t\tname=\"wpforms_15711_11\" \t\tvalue=\"\">\n<\/div><\/div><!-- .wpforms-field-container --><div class=\"wpforms-recaptcha-container wpforms-is-recaptcha wpforms-is-recaptcha-type-v3\" ><input type=\"hidden\" name=\"wpforms[recaptcha]\" value=\"\"><\/div><div class=\"wpforms-submit-container\" ><input type=\"hidden\" name=\"wpforms[id]\" value=\"15711\"><input type=\"hidden\" name=\"page_title\" value=\"\"><input type=\"hidden\" name=\"page_url\" value=\"https:\/\/kambja.info\/vorm\/wp-json\/wp\/v2\/pages\/15725\"><input type=\"hidden\" name=\"url_referer\" value=\"\"><button type=\"submit\" name=\"wpforms[submit]\" id=\"wpforms-submit-15711\" class=\"wpforms-submit\" data-alt-text=\"Ettepanekut saadetakse...\" data-submit-text=\"Saadan\" aria-live=\"assertive\" value=\"wpforms-submit\">Saadan<\/button><img loading=\"lazy\" decoding=\"async\" src=\"https:\/\/kambja.info\/vorm\/wp-content\/plugins\/wpforms\/assets\/images\/submit-spin.svg\" class=\"wpforms-submit-spinner\" style=\"display: none;\" width=\"26\" height=\"26\" alt=\"Loading\"><\/div><\/form><\/div>  <!-- .wpforms-container -->","protected":false},"excerpt":{"rendered":"","protected":false},"author":1,"featured_media":0,"parent":0,"menu_order":0,"comment_status":"closed","ping_status":"closed","template":"","meta":{"footnotes":""},"class_list":["post-15725","page","type-page","status-publish","hentry","entry"],"_links":{"self":[{"href":"https:\/\/kambja.info\/vorm\/wp-json\/wp\/v2\/pages\/15725","targetHints":{"allow":["GET"]}}],"collection":[{"href":"https:\/\/kambja.info\/vorm\/wp-json\/wp\/v2\/pages"}],"about":[{"href":"https:\/\/kambja.info\/vorm\/wp-json\/wp\/v2\/types\/page"}],"author":[{"embeddable":true,"href":"https:\/\/kambja.info\/vorm\/wp-json\/wp\/v2\/users\/1"}],"replies":[{"embeddable":true,"href":"https:\/\/kambja.info\/vorm\/wp-json\/wp\/v2\/comments?post=15725"}],"version-history":[{"count":4,"href":"https:\/\/kambja.info\/vorm\/wp-json\/wp\/v2\/pages\/15725\/revisions"}],"predecessor-version":[{"id":15844,"href":"https:\/\/kambja.info\/vorm\/wp-json\/wp\/v2\/pages\/15725\/revisions\/15844"}],"wp:attachment":[{"href":"https:\/\/kambja.info\/vorm\/wp-json\/wp\/v2\/media?parent=15725"}],"curies":[{"name":"wp","href":"https:\/\/api.w.org\/{rel}","templated":true}]}}